{"id":887,"date":"2023-01-25T20:33:44","date_gmt":"2023-01-25T20:33:44","guid":{"rendered":"https:\/\/www.vnt.com.es\/?page_id=887"},"modified":"2023-03-21T23:21:13","modified_gmt":"2023-03-21T23:21:13","slug":"faqs","status":"publish","type":"page","link":"https:\/\/www.vnt.com.es\/?page_id=887","title":{"rendered":"FAQs &#8211; Preguntas frecuentes"},"content":{"rendered":"\n<h2 class=\"has-text-align-center wp-block-heading\"><strong>SEGURIDAD VPN<\/strong><\/h2>\n\n\n\n<div class=\"wp-block-essential-blocks-accordion\"><div class=\"eb-parent-wrapper eb-parent-eb-accordion-rlhmcnk \"><div class=\"eb-accordion-container eb-accordion-rlhmcnk\" data-accordion-type=\"accordion\" data-tab-icon=\"fas fa-angle-right\" data-expanded-icon=\"fas fa-angle-down\"><div class=\"eb-accordion-inner\">\n<div class=\"eb-accordion-item-yl0l2us eb-accordion-wrapper\" data-clickable=\"false\"><div class=\"eb-accordion-title-wrapper\"><span class=\"eb-accordion-icon-wrapper\"><span class=\"fas fa-angle-right eb-accordion-icon\"><\/span><\/span><h3 class=\"eb-accordion-title\">\u00bfPor qu\u00e9 es tan importante contar con seguridad VPN?<\/h3><\/div><div class=\"eb-accordion-content-wrapper\"><div class=\"eb-accordion-content\">\n<p>Una \u201cRed Privada Virtual\u201d VPN brinda privacidad online al usuario, protege sus datos e informaci\u00f3n que maneja al navegar en internet.<\/p>\n<\/div><\/div><\/div>\n\n\n\n<div class=\"eb-accordion-item-px2ds7o eb-accordion-wrapper\" data-clickable=\"false\"><div class=\"eb-accordion-title-wrapper\"><span class=\"eb-accordion-icon-wrapper\"><span class=\"fas fa-angle-right eb-accordion-icon\"><\/span><\/span><h3 class=\"eb-accordion-title\">\u00bfC\u00f3mo funcionan las VPN?<\/h3><\/div><div class=\"eb-accordion-content-wrapper\"><div class=\"eb-accordion-content\">\n<p>Las VPN crean un t\u00fanel de navegaci\u00f3n que oculta la direcci\u00f3n IP del usuario y protege el tr\u00e1fico de informaci\u00f3n de amenazas como hackers, organizaciones gubernamentales, etc.<\/p>\n<\/div><\/div><\/div>\n\n\n\n<div class=\"eb-accordion-item-7ggpbd4 eb-accordion-wrapper\" data-clickable=\"false\"><div class=\"eb-accordion-title-wrapper\"><span class=\"eb-accordion-icon-wrapper\"><span class=\"fas fa-angle-right eb-accordion-icon\"><\/span><\/span><h3 class=\"eb-accordion-title\">\u00bfQu\u00e9 tan dif\u00edcil es conseguir una VPN?<\/h3><\/div><div class=\"eb-accordion-content-wrapper\"><div class=\"eb-accordion-content\">\n<p>En realidad no es nada dif\u00edcil conseguir servicios de VPN, incluso se puede conseguir de manera gratuita, aunque lo mejor ser\u00e1 verificar que sea segura y confiable.&nbsp;&nbsp;&nbsp;<\/p>\n<\/div><\/div><\/div>\n<\/div><\/div><\/div><\/div>\n\n\n\n<h2 class=\"has-text-align-center wp-block-heading\"><strong><strong>ESCRITORIOS VIRTUALES<\/strong><\/strong><\/h2>\n\n\n\n<div class=\"wp-block-essential-blocks-accordion\"><div class=\"eb-parent-wrapper eb-parent-eb-accordion-oqbv3eq \"><div class=\"eb-accordion-container eb-accordion-oqbv3eq\" data-accordion-type=\"accordion\" data-tab-icon=\"fas fa-angle-right\" data-expanded-icon=\"fas fa-angle-down\"><div class=\"eb-accordion-inner\">\n<div class=\"eb-accordion-item-fpi4i9u eb-accordion-wrapper\" data-clickable=\"false\"><div class=\"eb-accordion-title-wrapper\"><span class=\"eb-accordion-icon-wrapper\"><span class=\"fas fa-angle-right eb-accordion-icon\"><\/span><\/span><h3 class=\"eb-accordion-title\">\u00bfEn qu\u00e9 consisten los escritorios virtuales?<\/h3><\/div><div class=\"eb-accordion-content-wrapper\"><div class=\"eb-accordion-content\">\n<p>Los escritorios virtuales son herramientas de trabajo virtual (en la nube). Estos almacenan la informaci\u00f3n de la empresa en un servidor central. La finalidad es que est\u00e9 disponible para los usuarios para trabajar de manera presencial o remota.<\/p>\n<\/div><\/div><\/div>\n\n\n\n<div class=\"eb-accordion-item-bqhcpm3 eb-accordion-wrapper\" data-clickable=\"false\"><div class=\"eb-accordion-title-wrapper\"><span class=\"eb-accordion-icon-wrapper\"><span class=\"fas fa-angle-right eb-accordion-icon\"><\/span><\/span><h3 class=\"eb-accordion-title\">\u00bfCu\u00e1les son las ventajas de los escritorios virtuales?<\/h3><\/div><div class=\"eb-accordion-content-wrapper\"><div class=\"eb-accordion-content\">\n<p>Los escritorios virtuales ofrecen muchas ventajas. Entre las cuales est\u00e1n: <\/p>\n\n\n\n<ul class=\"wp-block-list\">\n<li>el <strong>f\u00e1cil acceso<\/strong> para los usuarios dentro y fuera de la empresa<\/li>\n\n\n\n<li>la <strong>personalizaci\u00f3n<\/strong> del acceso de cada usuario a los programas y aplicaciones necesarios<\/li>\n\n\n\n<li>el <strong>resguardo de la informaci\u00f3n<\/strong> contra amenazas externas<\/li>\n<\/ul>\n<\/div><\/div><\/div>\n\n\n\n<div class=\"eb-accordion-item-mxdnszv eb-accordion-wrapper\" data-clickable=\"false\"><div class=\"eb-accordion-title-wrapper\"><span class=\"eb-accordion-icon-wrapper\"><span class=\"fas fa-angle-right eb-accordion-icon\"><\/span><\/span><h3 class=\"eb-accordion-title\">\u00bfC\u00f3mo conseguir los servicios de escritorios virtuales?<\/h3><\/div><div class=\"eb-accordion-content-wrapper\"><div class=\"eb-accordion-content\">\n<p>Actualmente existen muchos proveedores de escritorios virtuales en el mundo. Empresas como <em>Citrix<\/em>, <em>WMware<\/em>, incluso <em>Microsoft <\/em>y <em>Amazon <\/em>ofrecen los servicios de escritorio virtual.<\/p>\n<\/div><\/div><\/div>\n<\/div><\/div><\/div><\/div>\n\n\n\n<h2 class=\"has-text-align-center wp-block-heading\"><strong>FIREWALL DE APLICACIONES<\/strong><\/h2>\n\n\n\n<div class=\"wp-block-essential-blocks-accordion\"><div class=\"eb-parent-wrapper eb-parent-eb-accordion-tsr0akf \"><div class=\"eb-accordion-container eb-accordion-tsr0akf\" data-accordion-type=\"accordion\" data-tab-icon=\"fas fa-angle-right\" data-expanded-icon=\"fas fa-angle-down\"><div class=\"eb-accordion-inner\">\n<div class=\"eb-accordion-item-fx25vqw eb-accordion-wrapper\" data-clickable=\"false\"><div class=\"eb-accordion-title-wrapper\"><span class=\"eb-accordion-icon-wrapper\"><span class=\"fas fa-angle-right eb-accordion-icon\"><\/span><\/span><h3 class=\"eb-accordion-title\">\u00bfPor qu\u00e9 es importante tener un firewall para sus aplicaciones?<\/h3><\/div><div class=\"eb-accordion-content-wrapper\"><div class=\"eb-accordion-content\">\n<p>Con el firewall impedimos que los da\u00f1os al sistema. Estos se producen por un ataque cibern\u00e9tico en tu escritorio virtual. Su forma de actuar es extenderse produciendo muchos inconvenientes: robo, da\u00f1o y amenazas como virus y malwares. Estos pueden ser f\u00e1cilmente evitados con el firewall de aplicaciones.<\/p>\n<\/div><\/div><\/div>\n\n\n\n<div class=\"eb-accordion-item-tp18wel eb-accordion-wrapper\" data-clickable=\"false\"><div class=\"eb-accordion-title-wrapper\"><span class=\"eb-accordion-icon-wrapper\"><span class=\"fas fa-angle-right eb-accordion-icon\"><\/span><\/span><h3 class=\"eb-accordion-title\">\u00bfModelo h\u00edbrido de seguridad? \u00bfDiferencias entre modelos de seguridad negativo y positivo? \u00bfCu\u00e1l es la diferencia?<\/h3><\/div><div class=\"eb-accordion-content-wrapper\"><div class=\"eb-accordion-content\">\n<p>La diferencia entre estos dos modelos:<\/p>\n\n\n\n<ul class=\"wp-block-list\">\n<li>en el negativo el usuario elige quien puede tener acceso a sus datos<\/li>\n\n\n\n<li>en el positivo la seguridad es m\u00e1s estricta, y por lo tanto, el acceso a los datos es total<\/li>\n<\/ul>\n<\/div><\/div><\/div>\n\n\n\n<div class=\"eb-accordion-item-48goen7 eb-accordion-wrapper\" data-clickable=\"false\"><div class=\"eb-accordion-title-wrapper\"><span class=\"eb-accordion-icon-wrapper\"><span class=\"fas fa-angle-right eb-accordion-icon\"><\/span><\/span><h3 class=\"eb-accordion-title\">\u00bfPuede ser dif\u00edcil de configurar un firewall de aplicaciones?<\/h3><\/div><div class=\"eb-accordion-content-wrapper\"><div class=\"eb-accordion-content\">\n<p>Depende de las necesidades que tengan las aplicaciones. Si la configuraci\u00f3n que necesitan las aplicaciones necesita permisos de seguridad, entonces, s\u00ed se necesitar\u00e1 invertir m\u00e1s tiempo y trabajo.<\/p>\n<\/div><\/div><\/div>\n\n\n\n<div class=\"eb-accordion-item-gtnrs11 eb-accordion-wrapper\" data-clickable=\"false\"><div class=\"eb-accordion-title-wrapper\"><span class=\"eb-accordion-icon-wrapper\"><span class=\"fas fa-angle-right eb-accordion-icon\"><\/span><\/span><h3 class=\"eb-accordion-title\"><strong>\u00bfQu\u00e9 es un Firewall de aplicaciones?<\/strong><\/h3><\/div><div class=\"eb-accordion-content-wrapper\"><div class=\"eb-accordion-content\">\n<p>Es una herramienta para la seguridad inform\u00e1tica. Esta act\u00faa como defensa contra amenazas en la red.<\/p>\n<\/div><\/div><\/div>\n\n\n\n<div class=\"eb-accordion-item-l0rec6v eb-accordion-wrapper\" data-clickable=\"false\"><div class=\"eb-accordion-title-wrapper\"><span class=\"eb-accordion-icon-wrapper\"><span class=\"fas fa-angle-right eb-accordion-icon\"><\/span><\/span><h3 class=\"eb-accordion-title\"><strong><strong>\u00bfCu\u00e1les son las limitaciones de las Firewalls?<\/strong><\/strong><\/h3><\/div><div class=\"eb-accordion-content-wrapper\"><div class=\"eb-accordion-content\">\n<p>Los firewalls no son un reemplazo de los antivirus. Estos son ineficaces contra los riesgos de seguridad no t\u00e9cnicos.<\/p>\n<\/div><\/div><\/div>\n<\/div><\/div><\/div><\/div>\n\n\n\n<h2 class=\"has-text-align-center wp-block-heading\"><strong>Balanceador de carga<\/strong><\/h2>\n\n\n\n<div class=\"wp-block-essential-blocks-accordion\"><div class=\"eb-parent-wrapper eb-parent-eb-accordion-emctiu3 \"><div class=\"eb-accordion-container eb-accordion-emctiu3\" data-accordion-type=\"accordion\" data-tab-icon=\"fas fa-angle-right\" data-expanded-icon=\"fas fa-angle-down\"><div class=\"eb-accordion-inner\">\n<div class=\"eb-accordion-item-9euefjw eb-accordion-wrapper\" data-clickable=\"false\"><div class=\"eb-accordion-title-wrapper\"><span class=\"eb-accordion-icon-wrapper\"><span class=\"fas fa-angle-right eb-accordion-icon\"><\/span><\/span><h3 class=\"eb-accordion-title\">\u00bfQu\u00e9 es un Balanceador de carga?<\/h3><\/div><div class=\"eb-accordion-content-wrapper\"><div class=\"eb-accordion-content\">\n<p>Es una herramienta que sirve para distribuir el tr\u00e1fico entre m\u00faltiples servidores web. Esta tiene la finalidad de prevenir la sobrecarga de un servidor web.<\/p>\n<\/div><\/div><\/div>\n\n\n\n<div class=\"eb-accordion-item-0nnm4wd eb-accordion-wrapper\" data-clickable=\"false\"><div class=\"eb-accordion-title-wrapper\"><span class=\"eb-accordion-icon-wrapper\"><span class=\"fas fa-angle-right eb-accordion-icon\"><\/span><\/span><h3 class=\"eb-accordion-title\">\u00bfC\u00f3mo funcionan los Balanceadores de carga?<\/h3><\/div><div class=\"eb-accordion-content-wrapper\"><div class=\"eb-accordion-content\">\n<p>Los balanceadores de carga detectan el estado de los recursos del soporte (backend) y, de esta manera, desv\u00edan el tr\u00e1fico hacia los servidores con menos carga de trabajo.<\/p>\n<\/div><\/div><\/div>\n\n\n\n<div class=\"eb-accordion-item-wr4zpt4 eb-accordion-wrapper\" data-clickable=\"false\"><div class=\"eb-accordion-title-wrapper\"><span class=\"eb-accordion-icon-wrapper\"><span class=\"fas fa-angle-right eb-accordion-icon\"><\/span><\/span><h3 class=\"eb-accordion-title\">\u00bfQu\u00e9 tan necesario es un Balanceador de carga?<\/h3><\/div><div class=\"eb-accordion-content-wrapper\"><div class=\"eb-accordion-content\">\n<p>Los balanceadores de carga son necesarios para maximizar el rendimiento del sitio web y, as\u00ed, ofrecer una mejor experiencia en la navegaci\u00f3n.<\/p>\n<\/div><\/div><\/div>\n<\/div><\/div><\/div><\/div>\n\n\n\n<h2 class=\"has-text-align-center wp-block-heading\"><strong>Control de acceso a sistemas y aplicaciones<\/strong><\/h2>\n\n\n\n<div class=\"wp-block-essential-blocks-accordion\"><div class=\"eb-parent-wrapper eb-parent-eb-accordion-arsmdlf \"><div class=\"eb-accordion-container eb-accordion-arsmdlf\" data-accordion-type=\"accordion\" data-tab-icon=\"fas fa-angle-right\" data-expanded-icon=\"fas fa-angle-down\"><div class=\"eb-accordion-inner\">\n<div class=\"eb-accordion-item-5lsmk1e eb-accordion-wrapper\" data-clickable=\"false\"><div class=\"eb-accordion-title-wrapper\"><span class=\"eb-accordion-icon-wrapper\"><span class=\"fas fa-angle-right eb-accordion-icon\"><\/span><\/span><h3 class=\"eb-accordion-title\">\u00bfQu\u00e9 es un sistema de control de acceso?<\/h3><\/div><div class=\"eb-accordion-content-wrapper\"><div class=\"eb-accordion-content\">\n<p>Es una tecnolog\u00eda que filtra el acceso de los usuarios a determinada informaci\u00f3n. Esta aplica ciertos principios como la autentificaci\u00f3n o autorizaci\u00f3n para asegurar que los usuarios sean quienes dicen ser.<\/p>\n<\/div><\/div><\/div>\n\n\n\n<div class=\"eb-accordion-item-nw6ep5j eb-accordion-wrapper\" data-clickable=\"false\"><div class=\"eb-accordion-title-wrapper\"><span class=\"eb-accordion-icon-wrapper\"><span class=\"fas fa-angle-right eb-accordion-icon\"><\/span><\/span><h3 class=\"eb-accordion-title\">\u00bfPara qu\u00e9 sirven los sistemas de control de acceso?<\/h3><\/div><div class=\"eb-accordion-content-wrapper\"><div class=\"eb-accordion-content\">\n<p>Para proteger la informaci\u00f3n contra el robo o infiltraci\u00f3n de datos. As\u00ed se asegura de que solo puedan acceder los usuarios que hayan sido verificados y autorizados a trav\u00e9s de una identificaci\u00f3n v\u00e1lida.<\/p>\n<\/div><\/div><\/div>\n\n\n\n<div class=\"eb-accordion-item-806hzfy eb-accordion-wrapper\" data-clickable=\"false\"><div class=\"eb-accordion-title-wrapper\"><span class=\"eb-accordion-icon-wrapper\"><span class=\"fas fa-angle-right eb-accordion-icon\"><\/span><\/span><h3 class=\"eb-accordion-title\">\u00bfCu\u00e1les son las ventajas de un sistema de control de acceso?<\/h3><\/div><div class=\"eb-accordion-content-wrapper\"><div class=\"eb-accordion-content\">\n<p>Entre las ventajas se encuentra: <\/p>\n\n\n\n<ul class=\"wp-block-list\">\n<li>la seguridad de informaci\u00f3n confidencial<\/li>\n\n\n\n<li>el acceso controlado a usuarios seg\u00fan las decisiones del propietario<\/li>\n<\/ul>\n<\/div><\/div><\/div>\n<\/div><\/div><\/div><\/div>\n\n\n\n<div style=\"height:100px\" aria-hidden=\"true\" class=\"wp-block-spacer\"><\/div>\n","protected":false},"excerpt":{"rendered":"<p>SEGURIDAD VPN ESCRITORIOS VIRTUALES FIREWALL DE APLICACIONES Balanceador de carga Control de acceso a sistemas y aplicaciones<\/p>\n","protected":false},"author":2,"featured_media":0,"parent":0,"menu_order":0,"comment_status":"closed","ping_status":"closed","template":"","meta":{"_eb_attr":"","footnotes":""},"class_list":["post-887","page","type-page","status-publish","hentry"],"yoast_head":"<!-- This site is optimized with the Yoast SEO plugin v23.4 - https:\/\/yoast.com\/wordpress\/plugins\/seo\/ -->\n<title>FAQs - Preguntas frecuentes - VNT<\/title>\n<meta name=\"description\" content=\"Preguntas frecuentes que los usuarios o visitantes de la p\u00e1gina pueden hacerse y donde pueden hallar algunas respuestas a sus dudas\" \/>\n<meta name=\"robots\" content=\"index, follow, max-snippet:-1, max-image-preview:large, max-video-preview:-1\" \/>\n<link rel=\"canonical\" href=\"https:\/\/www.vnt.com.es\/?page_id=887\" \/>\n<meta property=\"og:locale\" content=\"en_US\" \/>\n<meta property=\"og:type\" content=\"article\" \/>\n<meta property=\"og:title\" content=\"FAQs - Preguntas frecuentes - VNT\" \/>\n<meta property=\"og:description\" content=\"Preguntas frecuentes que los usuarios o visitantes de la p\u00e1gina pueden hacerse y donde pueden hallar algunas respuestas a sus dudas\" \/>\n<meta property=\"og:url\" content=\"https:\/\/www.vnt.com.es\/?page_id=887\" \/>\n<meta property=\"og:site_name\" content=\"VNT\" \/>\n<meta property=\"article:modified_time\" content=\"2023-03-21T23:21:13+00:00\" \/>\n<meta name=\"twitter:card\" content=\"summary_large_image\" \/>\n<meta name=\"twitter:label1\" content=\"Est. reading time\" \/>\n\t<meta name=\"twitter:data1\" content=\"3 minutes\" \/>\n<script type=\"application\/ld+json\" class=\"yoast-schema-graph\">{\"@context\":\"https:\/\/schema.org\",\"@graph\":[{\"@type\":\"WebPage\",\"@id\":\"https:\/\/www.vnt.com.es\/?page_id=887\",\"url\":\"https:\/\/www.vnt.com.es\/?page_id=887\",\"name\":\"FAQs - Preguntas frecuentes - VNT\",\"isPartOf\":{\"@id\":\"https:\/\/www.vnt.com.es\/#website\"},\"datePublished\":\"2023-01-25T20:33:44+00:00\",\"dateModified\":\"2023-03-21T23:21:13+00:00\",\"description\":\"Preguntas frecuentes que los usuarios o visitantes de la p\u00e1gina pueden hacerse y donde pueden hallar algunas respuestas a sus dudas\",\"breadcrumb\":{\"@id\":\"https:\/\/www.vnt.com.es\/?page_id=887#breadcrumb\"},\"inLanguage\":\"en-US\",\"potentialAction\":[{\"@type\":\"ReadAction\",\"target\":[\"https:\/\/www.vnt.com.es\/?page_id=887\"]}]},{\"@type\":\"BreadcrumbList\",\"@id\":\"https:\/\/www.vnt.com.es\/?page_id=887#breadcrumb\",\"itemListElement\":[{\"@type\":\"ListItem\",\"position\":1,\"name\":\"Home\",\"item\":\"https:\/\/www.vnt.com.es\/\"},{\"@type\":\"ListItem\",\"position\":2,\"name\":\"FAQs &#8211; Preguntas frecuentes\"}]},{\"@type\":\"WebSite\",\"@id\":\"https:\/\/www.vnt.com.es\/#website\",\"url\":\"https:\/\/www.vnt.com.es\/\",\"name\":\"VNT\",\"description\":\"VNT l\u00edder en servicios de movilidad, virtualizaci\u00f3n, networking y cloud services\",\"potentialAction\":[{\"@type\":\"SearchAction\",\"target\":{\"@type\":\"EntryPoint\",\"urlTemplate\":\"https:\/\/www.vnt.com.es\/?s={search_term_string}\"},\"query-input\":{\"@type\":\"PropertyValueSpecification\",\"valueRequired\":true,\"valueName\":\"search_term_string\"}}],\"inLanguage\":\"en-US\"}]}<\/script>\n<!-- \/ Yoast SEO plugin. -->","yoast_head_json":{"title":"FAQs - Preguntas frecuentes - VNT","description":"Preguntas frecuentes que los usuarios o visitantes de la p\u00e1gina pueden hacerse y donde pueden hallar algunas respuestas a sus dudas","robots":{"index":"index","follow":"follow","max-snippet":"max-snippet:-1","max-image-preview":"max-image-preview:large","max-video-preview":"max-video-preview:-1"},"canonical":"https:\/\/www.vnt.com.es\/?page_id=887","og_locale":"en_US","og_type":"article","og_title":"FAQs - Preguntas frecuentes - VNT","og_description":"Preguntas frecuentes que los usuarios o visitantes de la p\u00e1gina pueden hacerse y donde pueden hallar algunas respuestas a sus dudas","og_url":"https:\/\/www.vnt.com.es\/?page_id=887","og_site_name":"VNT","article_modified_time":"2023-03-21T23:21:13+00:00","twitter_card":"summary_large_image","twitter_misc":{"Est. reading time":"3 minutes"},"schema":{"@context":"https:\/\/schema.org","@graph":[{"@type":"WebPage","@id":"https:\/\/www.vnt.com.es\/?page_id=887","url":"https:\/\/www.vnt.com.es\/?page_id=887","name":"FAQs - Preguntas frecuentes - VNT","isPartOf":{"@id":"https:\/\/www.vnt.com.es\/#website"},"datePublished":"2023-01-25T20:33:44+00:00","dateModified":"2023-03-21T23:21:13+00:00","description":"Preguntas frecuentes que los usuarios o visitantes de la p\u00e1gina pueden hacerse y donde pueden hallar algunas respuestas a sus dudas","breadcrumb":{"@id":"https:\/\/www.vnt.com.es\/?page_id=887#breadcrumb"},"inLanguage":"en-US","potentialAction":[{"@type":"ReadAction","target":["https:\/\/www.vnt.com.es\/?page_id=887"]}]},{"@type":"BreadcrumbList","@id":"https:\/\/www.vnt.com.es\/?page_id=887#breadcrumb","itemListElement":[{"@type":"ListItem","position":1,"name":"Home","item":"https:\/\/www.vnt.com.es\/"},{"@type":"ListItem","position":2,"name":"FAQs &#8211; Preguntas frecuentes"}]},{"@type":"WebSite","@id":"https:\/\/www.vnt.com.es\/#website","url":"https:\/\/www.vnt.com.es\/","name":"VNT","description":"VNT l\u00edder en servicios de movilidad, virtualizaci\u00f3n, networking y cloud services","potentialAction":[{"@type":"SearchAction","target":{"@type":"EntryPoint","urlTemplate":"https:\/\/www.vnt.com.es\/?s={search_term_string}"},"query-input":{"@type":"PropertyValueSpecification","valueRequired":true,"valueName":"search_term_string"}}],"inLanguage":"en-US"}]}},"_links":{"self":[{"href":"https:\/\/www.vnt.com.es\/index.php?rest_route=\/wp\/v2\/pages\/887"}],"collection":[{"href":"https:\/\/www.vnt.com.es\/index.php?rest_route=\/wp\/v2\/pages"}],"about":[{"href":"https:\/\/www.vnt.com.es\/index.php?rest_route=\/wp\/v2\/types\/page"}],"author":[{"embeddable":true,"href":"https:\/\/www.vnt.com.es\/index.php?rest_route=\/wp\/v2\/users\/2"}],"replies":[{"embeddable":true,"href":"https:\/\/www.vnt.com.es\/index.php?rest_route=%2Fwp%2Fv2%2Fcomments&post=887"}],"version-history":[{"count":21,"href":"https:\/\/www.vnt.com.es\/index.php?rest_route=\/wp\/v2\/pages\/887\/revisions"}],"predecessor-version":[{"id":1042,"href":"https:\/\/www.vnt.com.es\/index.php?rest_route=\/wp\/v2\/pages\/887\/revisions\/1042"}],"wp:attachment":[{"href":"https:\/\/www.vnt.com.es\/index.php?rest_route=%2Fwp%2Fv2%2Fmedia&parent=887"}],"curies":[{"name":"wp","href":"https:\/\/api.w.org\/{rel}","templated":true}]}}