{"id":23,"date":"2021-12-21T10:25:06","date_gmt":"2021-12-21T10:25:06","guid":{"rendered":"https:\/\/www.vnt.com.es\/?page_id=23"},"modified":"2021-12-24T13:32:25","modified_gmt":"2021-12-24T13:32:25","slug":"clientes","status":"publish","type":"page","link":"https:\/\/www.vnt.com.es\/?page_id=23","title":{"rendered":"Clientes"},"content":{"rendered":"\t\t<div data-elementor-type=\"wp-page\" data-elementor-id=\"23\" class=\"elementor elementor-23\" data-elementor-post-type=\"page\">\n\t\t\t\t\t\t<section class=\"elementor-section elementor-top-section elementor-element elementor-element-c74eb97 elementor-section-stretched elementor-section-boxed elementor-section-height-default elementor-section-height-default\" data-id=\"c74eb97\" data-element_type=\"section\" data-settings=\"{&quot;stretch_section&quot;:&quot;section-stretched&quot;,&quot;background_background&quot;:&quot;classic&quot;}\">\n\t\t\t\t\t\t<div class=\"elementor-container elementor-column-gap-default\">\n\t\t\t\t\t<div class=\"elementor-column elementor-col-100 elementor-top-column elementor-element elementor-element-36fcc5b\" data-id=\"36fcc5b\" data-element_type=\"column\">\n\t\t\t<div class=\"elementor-widget-wrap elementor-element-populated\">\n\t\t\t\t\t\t\t<\/div>\n\t\t<\/div>\n\t\t\t\t\t<\/div>\n\t\t<\/section>\n\t\t\t\t<section class=\"elementor-section elementor-top-section elementor-element elementor-element-0358c04 elementor-section-boxed elementor-section-height-default elementor-section-height-default\" data-id=\"0358c04\" data-element_type=\"section\">\n\t\t\t\t\t\t<div class=\"elementor-container elementor-column-gap-default\">\n\t\t\t\t\t<div class=\"elementor-column elementor-col-100 elementor-top-column elementor-element elementor-element-dbca863\" data-id=\"dbca863\" data-element_type=\"column\">\n\t\t\t<div class=\"elementor-widget-wrap elementor-element-populated\">\n\t\t\t\t\t\t<div class=\"elementor-element elementor-element-10943ed elementor-skin-carousel elementor-arrows-yes elementor-widget elementor-widget-media-carousel\" data-id=\"10943ed\" data-element_type=\"widget\" data-settings=\"{&quot;skin&quot;:&quot;carousel&quot;,&quot;effect&quot;:&quot;slide&quot;,&quot;show_arrows&quot;:&quot;yes&quot;,&quot;speed&quot;:500,&quot;autoplay&quot;:&quot;yes&quot;,&quot;autoplay_speed&quot;:5000,&quot;loop&quot;:&quot;yes&quot;,&quot;pause_on_hover&quot;:&quot;yes&quot;,&quot;pause_on_interaction&quot;:&quot;yes&quot;,&quot;space_between&quot;:{&quot;unit&quot;:&quot;px&quot;,&quot;size&quot;:10,&quot;sizes&quot;:[]},&quot;space_between_tablet&quot;:{&quot;unit&quot;:&quot;px&quot;,&quot;size&quot;:10,&quot;sizes&quot;:[]},&quot;space_between_mobile&quot;:{&quot;unit&quot;:&quot;px&quot;,&quot;size&quot;:10,&quot;sizes&quot;:[]}}\" data-widget_type=\"media-carousel.default\">\n\t\t\t\t<div class=\"elementor-widget-container\">\n\t\t\t\t\t<div class=\"elementor-swiper\">\n\t\t\t<div class=\"elementor-main-swiper swiper\">\n\t\t\t\t<div class=\"swiper-wrapper\">\n\t\t\t\t\t\t\t\t\t\t\t<div class=\"swiper-slide\">\n\t\t\t\t\t\t\t\t\t<div class=\"elementor-carousel-image\" role=\"img\" aria-label=\"HDI-logo\" style=\"background-image: url(&#039;https:\/\/www.vnt.com.es\/wp-content\/uploads\/2021\/12\/HDI-logo.png&#039;)\">\n\n\t\t\t\n\t\t\t\t\t<\/div>\n\t\t\t\t\t\t\t\t<\/div>\n\t\t\t\t\t\t\t\t\t\t\t<div class=\"swiper-slide\">\n\t\t\t\t\t\t\t\t\t<div class=\"elementor-carousel-image\" role=\"img\" aria-label=\"banorte-logo\" style=\"background-image: url(&#039;https:\/\/www.vnt.com.es\/wp-content\/uploads\/2021\/12\/banorte-logo.png&#039;)\">\n\n\t\t\t\n\t\t\t\t\t<\/div>\n\t\t\t\t\t\t\t\t<\/div>\n\t\t\t\t\t\t\t\t\t\t\t<div class=\"swiper-slide\">\n\t\t\t\t\t\t\t\t\t<div class=\"elementor-carousel-image\" role=\"img\" aria-label=\"Grupo\" style=\"background-image: url(&#039;https:\/\/www.vnt.com.es\/wp-content\/uploads\/2021\/12\/Grupo.png&#039;)\">\n\n\t\t\t\n\t\t\t\t\t<\/div>\n\t\t\t\t\t\t\t\t<\/div>\n\t\t\t\t\t\t\t\t\t\t\t<div class=\"swiper-slide\">\n\t\t\t\t\t\t\t\t\t<div class=\"elementor-carousel-image\" role=\"img\" aria-label=\"HDI-logo\" style=\"background-image: url(&#039;https:\/\/www.vnt.com.es\/wp-content\/uploads\/2021\/12\/HDI-logo.png&#039;)\">\n\n\t\t\t\n\t\t\t\t\t<\/div>\n\t\t\t\t\t\t\t\t<\/div>\n\t\t\t\t\t\t\t\t\t\t\t<div class=\"swiper-slide\">\n\t\t\t\t\t\t\t\t\t<div class=\"elementor-carousel-image\" role=\"img\" aria-label=\"banorte-logo\" style=\"background-image: url(&#039;https:\/\/www.vnt.com.es\/wp-content\/uploads\/2021\/12\/banorte-logo.png&#039;)\">\n\n\t\t\t\n\t\t\t\t\t<\/div>\n\t\t\t\t\t\t\t\t<\/div>\n\t\t\t\t\t\t\t\t\t\t\t<div class=\"swiper-slide\">\n\t\t\t\t\t\t\t\t\t<div class=\"elementor-carousel-image\" role=\"img\" aria-label=\"Grupo\" style=\"background-image: url(&#039;https:\/\/www.vnt.com.es\/wp-content\/uploads\/2021\/12\/Grupo.png&#039;)\">\n\n\t\t\t\n\t\t\t\t\t<\/div>\n\t\t\t\t\t\t\t\t<\/div>\n\t\t\t\t\t\t\t\t\t<\/div>\n\t\t\t\t\t\t\t\t\t\t\t\t\t\t\t\t\t\t\t\t<div class=\"elementor-swiper-button elementor-swiper-button-prev\" role=\"button\" tabindex=\"0\">\n\t\t\t\t\t\t\t<i aria-hidden=\"true\" class=\"eicon-chevron-left\"><\/i>\t\t\t\t\t\t\t<span class=\"elementor-screen-only\">Previous<\/span>\n\t\t\t\t\t\t<\/div>\n\t\t\t\t\t\t<div class=\"elementor-swiper-button elementor-swiper-button-next\" role=\"button\" tabindex=\"0\">\n\t\t\t\t\t\t\t<i aria-hidden=\"true\" class=\"eicon-chevron-right\"><\/i>\t\t\t\t\t\t\t<span class=\"elementor-screen-only\">Next<\/span>\n\t\t\t\t\t\t<\/div>\n\t\t\t\t\t\t\t\t\t\t\t\t<\/div>\n\t\t<\/div>\n\t\t\t\t<\/div>\n\t\t\t\t<\/div>\n\t\t\t\t\t<\/div>\n\t\t<\/div>\n\t\t\t\t\t<\/div>\n\t\t<\/section>\n\t\t\t\t<section class=\"elementor-section elementor-top-section elementor-element elementor-element-8c32b36 elementor-section-boxed elementor-section-height-default elementor-section-height-default\" data-id=\"8c32b36\" data-element_type=\"section\">\n\t\t\t\t\t\t<div class=\"elementor-container elementor-column-gap-default\">\n\t\t\t\t\t<div class=\"elementor-column elementor-col-100 elementor-top-column elementor-element elementor-element-0f4e555\" data-id=\"0f4e555\" data-element_type=\"column\">\n\t\t\t<div class=\"elementor-widget-wrap elementor-element-populated\">\n\t\t\t\t\t\t<div class=\"elementor-element elementor-element-1167e32 elementor-widget elementor-widget-heading\" data-id=\"1167e32\" data-element_type=\"widget\" data-widget_type=\"heading.default\">\n\t\t\t\t<div class=\"elementor-widget-container\">\n\t\t\t<h2 class=\"elementor-heading-title elementor-size-default\">Casos de \u00e9xito<\/h2>\t\t<\/div>\n\t\t\t\t<\/div>\n\t\t\t\t<div class=\"elementor-element elementor-element-f825943 elementor-widget elementor-widget-text-editor\" data-id=\"f825943\" data-element_type=\"widget\" data-widget_type=\"text-editor.default\">\n\t\t\t\t<div class=\"elementor-widget-container\">\n\t\t\t\t\t\t\t<p>En VNT nos enorgullecemos de haber contribuido a la resoluci\u00f3n de complejos problemas cuya criticidad pon\u00eda en peligro el normal funcionamiento y desarrollo de empresas de m\u00e1s de 20,000 empleados que representaban grandes p\u00e9rdidas para su operaci\u00f3n, as\u00ed mismo, esto nos ha brindado vasta experiencia con Bancos, Aseguradoras, Retails, Call Centers, y empresas de distintos giros, convirti\u00e9ndonos en expertos en el desarrollo e implementaci\u00f3n de soluciones de virtualizaci\u00f3n en las diferentes verticales del negocio.<\/p>\n<p><\/p>\n<p>A continuaci\u00f3n, les presentamos algunos de ellos:<\/p>\t\t\t\t\t\t<\/div>\n\t\t\t\t<\/div>\n\t\t\t\t\t<\/div>\n\t\t<\/div>\n\t\t\t\t\t<\/div>\n\t\t<\/section>\n\t\t\t\t<section class=\"elementor-section elementor-top-section elementor-element elementor-element-132d811 elementor-section-boxed elementor-section-height-default elementor-section-height-default\" data-id=\"132d811\" data-element_type=\"section\">\n\t\t\t\t\t\t<div class=\"elementor-container elementor-column-gap-default\">\n\t\t\t\t\t<div class=\"elementor-column elementor-col-33 elementor-top-column elementor-element elementor-element-05a6d57\" data-id=\"05a6d57\" data-element_type=\"column\">\n\t\t\t<div class=\"elementor-widget-wrap elementor-element-populated\">\n\t\t\t\t\t\t<div class=\"elementor-element elementor-element-17d0c85 elementor-widget elementor-widget-text-editor\" data-id=\"17d0c85\" data-element_type=\"widget\" data-widget_type=\"text-editor.default\">\n\t\t\t\t<div class=\"elementor-widget-container\">\n\t\t\t\t\t\t\t<p>Banorte<\/p>\t\t\t\t\t\t<\/div>\n\t\t\t\t<\/div>\n\t\t\t\t<div class=\"elementor-element elementor-element-ee38546 elementor-widget elementor-widget-image\" data-id=\"ee38546\" data-element_type=\"widget\" data-widget_type=\"image.default\">\n\t\t\t\t<div class=\"elementor-widget-container\">\n\t\t\t\t\t\t\t\t\t\t\t\t\t<img fetchpriority=\"high\" decoding=\"async\" width=\"353\" height=\"272\" src=\"https:\/\/www.vnt.com.es\/wp-content\/uploads\/2021\/12\/banorte.jpg\" class=\"attachment-large size-large wp-image-560\" alt=\"\" srcset=\"https:\/\/www.vnt.com.es\/wp-content\/uploads\/2021\/12\/banorte.jpg 353w, https:\/\/www.vnt.com.es\/wp-content\/uploads\/2021\/12\/banorte-300x231.jpg 300w\" sizes=\"(max-width: 353px) 100vw, 353px\" \/>\t\t\t\t\t\t\t\t\t\t\t\t\t<\/div>\n\t\t\t\t<\/div>\n\t\t\t\t\t<\/div>\n\t\t<\/div>\n\t\t\t\t<div class=\"elementor-column elementor-col-66 elementor-top-column elementor-element elementor-element-b10ea54\" data-id=\"b10ea54\" data-element_type=\"column\">\n\t\t\t<div class=\"elementor-widget-wrap elementor-element-populated\">\n\t\t\t\t\t\t<div class=\"elementor-element elementor-element-872d11f elementor-widget elementor-widget-text-editor\" data-id=\"872d11f\" data-element_type=\"widget\" data-widget_type=\"text-editor.default\">\n\t\t\t\t<div class=\"elementor-widget-container\">\n\t\t\t\t\t\t\t<p>Esta entidad financiera ten\u00eda la necesidad de controlar y asegurar que la informaci\u00f3n que manejaban usuarios externos a la compa\u00f1\u00eda, pero que trabajan para ella, no pudiera ser utilizada m\u00e1s que con los fines a los que corresponde, y a su vez, entregarles todas las aplicaciones necesarias para el desempe\u00f1o cotidiano de sus funciones y el normal funcionamiento de la operaci\u00f3n.<\/p>\t\t\t\t\t\t<\/div>\n\t\t\t\t<\/div>\n\t\t\t\t<div class=\"elementor-element elementor-element-a64d663 elementor-widget elementor-widget-heading\" data-id=\"a64d663\" data-element_type=\"widget\" data-widget_type=\"heading.default\">\n\t\t\t\t<div class=\"elementor-widget-container\">\n\t\t\t<h3 class=\"elementor-heading-title elementor-size-default\">Plataformas instaladas<\/h3>\t\t<\/div>\n\t\t\t\t<\/div>\n\t\t\t\t<div class=\"elementor-element elementor-element-b7050a3 elementor-widget elementor-widget-text-editor\" data-id=\"b7050a3\" data-element_type=\"widget\" data-widget_type=\"text-editor.default\">\n\t\t\t\t<div class=\"elementor-widget-container\">\n\t\t\t\t\t\t\t&#8211; Citrix Virtual Apps and Desktops 7.1912, Citrix ADC, Nutanix (Hiperconvergencia)<br><br>\n&#8211; 2500 usuarios<br><br>\n&#8211; 400 aplicaciones\t\t\t\t\t\t<\/div>\n\t\t\t\t<\/div>\n\t\t\t\t<div class=\"elementor-element elementor-element-d554c18 elementor-widget elementor-widget-heading\" data-id=\"d554c18\" data-element_type=\"widget\" data-widget_type=\"heading.default\">\n\t\t\t\t<div class=\"elementor-widget-container\">\n\t\t\t<h3 class=\"elementor-heading-title elementor-size-default\">Experiencia<\/h3>\t\t<\/div>\n\t\t\t\t<\/div>\n\t\t\t\t<div class=\"elementor-element elementor-element-c2d3e47 elementor-widget elementor-widget-text-editor\" data-id=\"c2d3e47\" data-element_type=\"widget\" data-widget_type=\"text-editor.default\">\n\t\t\t\t<div class=\"elementor-widget-container\">\n\t\t\t\t\t\t\t&#8211; Implementaci\u00f3n de todas las funcionalidades de la plataforma (PVS,WEM,Session recording, Doble Factor de autenticaci\u00f3n, Acceso contextual)<br><br>\n&#8211; Realizaci\u00f3n de perfilamiento a gran escala para entregar las aplicaciones correspondientes a cada imagen de los diferentes usuarios\u00a0 seg\u00fan su funcionalidad<br><br>\n&#8211; Plataforma con alto nivel de granularidad seg\u00fan requiera las necesidades del negocio para integrar nuevas \u00e1reas de servicio, usuarios, funciones.\t\t\t\t\t\t<\/div>\n\t\t\t\t<\/div>\n\t\t\t\t\t<\/div>\n\t\t<\/div>\n\t\t\t\t\t<\/div>\n\t\t<\/section>\n\t\t\t\t<\/div>\n\t\t","protected":false},"excerpt":{"rendered":"<p>Previous Next Casos de \u00e9xito En VNT nos enorgullecemos de haber contribuido a la resoluci\u00f3n de complejos problemas cuya criticidad pon\u00eda en peligro el normal funcionamiento y desarrollo de empresas&hellip;<\/p>\n","protected":false},"author":1,"featured_media":0,"parent":0,"menu_order":0,"comment_status":"closed","ping_status":"closed","template":"","meta":{"_eb_attr":"","footnotes":""},"class_list":["post-23","page","type-page","status-publish","hentry"],"yoast_head":"<!-- This site is optimized with the Yoast SEO plugin v23.4 - https:\/\/yoast.com\/wordpress\/plugins\/seo\/ -->\n<title>Clientes - VNT<\/title>\n<meta name=\"robots\" content=\"index, follow, max-snippet:-1, max-image-preview:large, max-video-preview:-1\" \/>\n<link rel=\"canonical\" href=\"https:\/\/www.vnt.com.es\/?page_id=23\" \/>\n<meta property=\"og:locale\" content=\"en_US\" \/>\n<meta property=\"og:type\" content=\"article\" \/>\n<meta property=\"og:title\" content=\"Clientes - VNT\" \/>\n<meta property=\"og:description\" content=\"Previous Next Casos de \u00e9xito En VNT nos enorgullecemos de haber contribuido a la resoluci\u00f3n de complejos problemas cuya criticidad pon\u00eda en peligro el normal funcionamiento y desarrollo de empresas&hellip;\" \/>\n<meta property=\"og:url\" content=\"https:\/\/www.vnt.com.es\/?page_id=23\" \/>\n<meta property=\"og:site_name\" content=\"VNT\" \/>\n<meta property=\"article:modified_time\" content=\"2021-12-24T13:32:25+00:00\" \/>\n<meta property=\"og:image\" content=\"https:\/\/www.vnt.com.es\/wp-content\/uploads\/2021\/12\/banorte.jpg\" \/>\n<meta name=\"twitter:card\" content=\"summary_large_image\" \/>\n<meta name=\"twitter:label1\" content=\"Est. reading time\" \/>\n\t<meta name=\"twitter:data1\" content=\"1 minute\" \/>\n<script type=\"application\/ld+json\" class=\"yoast-schema-graph\">{\"@context\":\"https:\/\/schema.org\",\"@graph\":[{\"@type\":\"WebPage\",\"@id\":\"https:\/\/www.vnt.com.es\/?page_id=23\",\"url\":\"https:\/\/www.vnt.com.es\/?page_id=23\",\"name\":\"Clientes - VNT\",\"isPartOf\":{\"@id\":\"https:\/\/www.vnt.com.es\/#website\"},\"primaryImageOfPage\":{\"@id\":\"https:\/\/www.vnt.com.es\/?page_id=23#primaryimage\"},\"image\":{\"@id\":\"https:\/\/www.vnt.com.es\/?page_id=23#primaryimage\"},\"thumbnailUrl\":\"https:\/\/www.vnt.com.es\/wp-content\/uploads\/2021\/12\/banorte.jpg\",\"datePublished\":\"2021-12-21T10:25:06+00:00\",\"dateModified\":\"2021-12-24T13:32:25+00:00\",\"breadcrumb\":{\"@id\":\"https:\/\/www.vnt.com.es\/?page_id=23#breadcrumb\"},\"inLanguage\":\"en-US\",\"potentialAction\":[{\"@type\":\"ReadAction\",\"target\":[\"https:\/\/www.vnt.com.es\/?page_id=23\"]}]},{\"@type\":\"ImageObject\",\"inLanguage\":\"en-US\",\"@id\":\"https:\/\/www.vnt.com.es\/?page_id=23#primaryimage\",\"url\":\"https:\/\/www.vnt.com.es\/wp-content\/uploads\/2021\/12\/banorte.jpg\",\"contentUrl\":\"https:\/\/www.vnt.com.es\/wp-content\/uploads\/2021\/12\/banorte.jpg\",\"width\":353,\"height\":272},{\"@type\":\"BreadcrumbList\",\"@id\":\"https:\/\/www.vnt.com.es\/?page_id=23#breadcrumb\",\"itemListElement\":[{\"@type\":\"ListItem\",\"position\":1,\"name\":\"Home\",\"item\":\"https:\/\/www.vnt.com.es\/\"},{\"@type\":\"ListItem\",\"position\":2,\"name\":\"Clientes\"}]},{\"@type\":\"WebSite\",\"@id\":\"https:\/\/www.vnt.com.es\/#website\",\"url\":\"https:\/\/www.vnt.com.es\/\",\"name\":\"VNT\",\"description\":\"VNT l\u00edder en servicios de movilidad, virtualizaci\u00f3n, networking y cloud services\",\"potentialAction\":[{\"@type\":\"SearchAction\",\"target\":{\"@type\":\"EntryPoint\",\"urlTemplate\":\"https:\/\/www.vnt.com.es\/?s={search_term_string}\"},\"query-input\":{\"@type\":\"PropertyValueSpecification\",\"valueRequired\":true,\"valueName\":\"search_term_string\"}}],\"inLanguage\":\"en-US\"}]}<\/script>\n<!-- \/ Yoast SEO plugin. -->","yoast_head_json":{"title":"Clientes - VNT","robots":{"index":"index","follow":"follow","max-snippet":"max-snippet:-1","max-image-preview":"max-image-preview:large","max-video-preview":"max-video-preview:-1"},"canonical":"https:\/\/www.vnt.com.es\/?page_id=23","og_locale":"en_US","og_type":"article","og_title":"Clientes - VNT","og_description":"Previous Next Casos de \u00e9xito En VNT nos enorgullecemos de haber contribuido a la resoluci\u00f3n de complejos problemas cuya criticidad pon\u00eda en peligro el normal funcionamiento y desarrollo de empresas&hellip;","og_url":"https:\/\/www.vnt.com.es\/?page_id=23","og_site_name":"VNT","article_modified_time":"2021-12-24T13:32:25+00:00","og_image":[{"url":"https:\/\/www.vnt.com.es\/wp-content\/uploads\/2021\/12\/banorte.jpg"}],"twitter_card":"summary_large_image","twitter_misc":{"Est. reading time":"1 minute"},"schema":{"@context":"https:\/\/schema.org","@graph":[{"@type":"WebPage","@id":"https:\/\/www.vnt.com.es\/?page_id=23","url":"https:\/\/www.vnt.com.es\/?page_id=23","name":"Clientes - VNT","isPartOf":{"@id":"https:\/\/www.vnt.com.es\/#website"},"primaryImageOfPage":{"@id":"https:\/\/www.vnt.com.es\/?page_id=23#primaryimage"},"image":{"@id":"https:\/\/www.vnt.com.es\/?page_id=23#primaryimage"},"thumbnailUrl":"https:\/\/www.vnt.com.es\/wp-content\/uploads\/2021\/12\/banorte.jpg","datePublished":"2021-12-21T10:25:06+00:00","dateModified":"2021-12-24T13:32:25+00:00","breadcrumb":{"@id":"https:\/\/www.vnt.com.es\/?page_id=23#breadcrumb"},"inLanguage":"en-US","potentialAction":[{"@type":"ReadAction","target":["https:\/\/www.vnt.com.es\/?page_id=23"]}]},{"@type":"ImageObject","inLanguage":"en-US","@id":"https:\/\/www.vnt.com.es\/?page_id=23#primaryimage","url":"https:\/\/www.vnt.com.es\/wp-content\/uploads\/2021\/12\/banorte.jpg","contentUrl":"https:\/\/www.vnt.com.es\/wp-content\/uploads\/2021\/12\/banorte.jpg","width":353,"height":272},{"@type":"BreadcrumbList","@id":"https:\/\/www.vnt.com.es\/?page_id=23#breadcrumb","itemListElement":[{"@type":"ListItem","position":1,"name":"Home","item":"https:\/\/www.vnt.com.es\/"},{"@type":"ListItem","position":2,"name":"Clientes"}]},{"@type":"WebSite","@id":"https:\/\/www.vnt.com.es\/#website","url":"https:\/\/www.vnt.com.es\/","name":"VNT","description":"VNT l\u00edder en servicios de movilidad, virtualizaci\u00f3n, networking y cloud services","potentialAction":[{"@type":"SearchAction","target":{"@type":"EntryPoint","urlTemplate":"https:\/\/www.vnt.com.es\/?s={search_term_string}"},"query-input":{"@type":"PropertyValueSpecification","valueRequired":true,"valueName":"search_term_string"}}],"inLanguage":"en-US"}]}},"_links":{"self":[{"href":"https:\/\/www.vnt.com.es\/index.php?rest_route=\/wp\/v2\/pages\/23"}],"collection":[{"href":"https:\/\/www.vnt.com.es\/index.php?rest_route=\/wp\/v2\/pages"}],"about":[{"href":"https:\/\/www.vnt.com.es\/index.php?rest_route=\/wp\/v2\/types\/page"}],"author":[{"embeddable":true,"href":"https:\/\/www.vnt.com.es\/index.php?rest_route=\/wp\/v2\/users\/1"}],"replies":[{"embeddable":true,"href":"https:\/\/www.vnt.com.es\/index.php?rest_route=%2Fwp%2Fv2%2Fcomments&post=23"}],"version-history":[{"count":13,"href":"https:\/\/www.vnt.com.es\/index.php?rest_route=\/wp\/v2\/pages\/23\/revisions"}],"predecessor-version":[{"id":569,"href":"https:\/\/www.vnt.com.es\/index.php?rest_route=\/wp\/v2\/pages\/23\/revisions\/569"}],"wp:attachment":[{"href":"https:\/\/www.vnt.com.es\/index.php?rest_route=%2Fwp%2Fv2%2Fmedia&parent=23"}],"curies":[{"name":"wp","href":"https:\/\/api.w.org\/{rel}","templated":true}]}}